{"id":97,"date":"2020-11-25T15:55:53","date_gmt":"2020-11-25T15:55:53","guid":{"rendered":"http:\/\/real-parque-hotel.ms.decms.eu\/?page_id=97"},"modified":"2021-05-04T10:21:58","modified_gmt":"2021-05-04T10:21:58","slug":"restaurantes-e-bares","status":"publish","type":"page","link":"https:\/\/real-parque-hotel.ms.decms.eu\/pt-pt\/restaurantes-e-bares\/","title":{"rendered":"Restaurantes e Bares"},"content":{"rendered":"<p>Localizado no centro de <strong>Lisboa<\/strong>, o <strong>Hotel Real Parque<\/strong> convida-o a saborear o melhor da <strong>cozinha tradicional portuguesa<\/strong>, em espa\u00e7os gastron\u00f3micos de excel\u00eancia. Com um ambiente descontra\u00eddo e acolhedor, deixe-se levar por uma oferta diversificada, inspirada nos sabores t\u00edpicos da gastronomia tradicional.<\/p>\n","protected":false},"excerpt":{"rendered":"<p>Localizado no centro de Lisboa, o Hotel Real Parque convida-o a saborear o melhor da cozinha tradicional portuguesa, em espa\u00e7os gastron\u00f3micos de excel\u00eancia. Com um ambiente descontra\u00eddo e acolhedor, deixe-se levar por uma oferta diversificada, inspirada nos sabores t\u00edpicos da gastronomia tradicional.<\/p>\n","protected":false},"author":36,"featured_media":0,"parent":0,"menu_order":30,"comment_status":"closed","ping_status":"closed","template":"","meta":{"footnotes":""},"class_list":["post-97","page","type-page","status-publish","hentry"],"yoast_head":"<!-- This site is optimized with the Yoast SEO plugin v26.9 - https:\/\/yoast.com\/product\/yoast-seo-wordpress\/ -->\n<title>Restaurantes e Bares - Hotel Real Parque<\/title>\n<meta name=\"robots\" content=\"noindex, follow, max-snippet:-1, max-image-preview:large, max-video-preview:-1\" \/>\n<meta property=\"og:locale\" content=\"pt_PT\" \/>\n<meta property=\"og:type\" content=\"article\" \/>\n<meta property=\"og:title\" content=\"Restaurantes e Bares - Hotel Real Parque\" \/>\n<meta property=\"og:description\" content=\"Localizado no centro de Lisboa, o Hotel Real Parque convida-o a saborear o melhor da cozinha tradicional portuguesa, em espa\u00e7os gastron\u00f3micos de excel\u00eancia. Com um ambiente descontra\u00eddo e acolhedor, deixe-se levar por uma oferta diversificada, inspirada nos sabores t\u00edpicos da gastronomia tradicional.\" \/>\n<meta property=\"og:url\" content=\"https:\/\/real-parque-hotel.ms.decms.eu\/pt-pt\/restaurantes-e-bares\/\" \/>\n<meta property=\"og:site_name\" content=\"Hotel Real Parque\" \/>\n<meta property=\"article:modified_time\" content=\"2021-05-04T10:21:58+00:00\" \/>\n<meta name=\"twitter:card\" content=\"summary_large_image\" \/>\n<script type=\"application\/ld+json\" class=\"yoast-schema-graph\">{\"@context\":\"https:\/\/schema.org\",\"@graph\":[{\"@type\":\"WebPage\",\"@id\":\"https:\/\/real-parque-hotel.ms.decms.eu\/pt-pt\/restaurantes-e-bares\/\",\"url\":\"https:\/\/real-parque-hotel.ms.decms.eu\/pt-pt\/restaurantes-e-bares\/\",\"name\":\"Restaurantes e Bares - Hotel Real Parque\",\"isPartOf\":{\"@id\":\"https:\/\/real-parque-hotel.ms.decms.eu\/pt-pt\/#website\"},\"datePublished\":\"2020-11-25T15:55:53+00:00\",\"dateModified\":\"2021-05-04T10:21:58+00:00\",\"breadcrumb\":{\"@id\":\"https:\/\/real-parque-hotel.ms.decms.eu\/pt-pt\/restaurantes-e-bares\/#breadcrumb\"},\"inLanguage\":\"pt-PT\",\"potentialAction\":[{\"@type\":\"ReadAction\",\"target\":[\"https:\/\/real-parque-hotel.ms.decms.eu\/pt-pt\/restaurantes-e-bares\/\"]}]},{\"@type\":\"BreadcrumbList\",\"@id\":\"https:\/\/real-parque-hotel.ms.decms.eu\/pt-pt\/restaurantes-e-bares\/#breadcrumb\",\"itemListElement\":[{\"@type\":\"ListItem\",\"position\":1,\"name\":\"Home\",\"item\":\"https:\/\/real-parque-hotel.ms.decms.eu\/pt-pt\/\"},{\"@type\":\"ListItem\",\"position\":2,\"name\":\"Restaurantes e Bares\"}]},{\"@type\":\"WebSite\",\"@id\":\"https:\/\/real-parque-hotel.ms.decms.eu\/pt-pt\/#website\",\"url\":\"https:\/\/real-parque-hotel.ms.decms.eu\/pt-pt\/\",\"name\":\"Hotel Real Parque\",\"description\":\"Just another ms.decms.eu site\",\"potentialAction\":[{\"@type\":\"SearchAction\",\"target\":{\"@type\":\"EntryPoint\",\"urlTemplate\":\"https:\/\/real-parque-hotel.ms.decms.eu\/pt-pt\/?s={search_term_string}\"},\"query-input\":{\"@type\":\"PropertyValueSpecification\",\"valueRequired\":true,\"valueName\":\"search_term_string\"}}],\"inLanguage\":\"pt-PT\"}]}<\/script>\n<!-- \/ Yoast SEO plugin. -->","yoast_head_json":{"title":"Restaurantes e Bares - Hotel Real Parque","robots":{"index":"noindex","follow":"follow","max-snippet":"max-snippet:-1","max-image-preview":"max-image-preview:large","max-video-preview":"max-video-preview:-1"},"og_locale":"pt_PT","og_type":"article","og_title":"Restaurantes e Bares - Hotel Real Parque","og_description":"Localizado no centro de Lisboa, o Hotel Real Parque convida-o a saborear o melhor da cozinha tradicional portuguesa, em espa\u00e7os gastron\u00f3micos de excel\u00eancia. Com um ambiente descontra\u00eddo e acolhedor, deixe-se levar por uma oferta diversificada, inspirada nos sabores t\u00edpicos da gastronomia tradicional.","og_url":"https:\/\/real-parque-hotel.ms.decms.eu\/pt-pt\/restaurantes-e-bares\/","og_site_name":"Hotel Real Parque","article_modified_time":"2021-05-04T10:21:58+00:00","twitter_card":"summary_large_image","schema":{"@context":"https:\/\/schema.org","@graph":[{"@type":"WebPage","@id":"https:\/\/real-parque-hotel.ms.decms.eu\/pt-pt\/restaurantes-e-bares\/","url":"https:\/\/real-parque-hotel.ms.decms.eu\/pt-pt\/restaurantes-e-bares\/","name":"Restaurantes e Bares - Hotel Real Parque","isPartOf":{"@id":"https:\/\/real-parque-hotel.ms.decms.eu\/pt-pt\/#website"},"datePublished":"2020-11-25T15:55:53+00:00","dateModified":"2021-05-04T10:21:58+00:00","breadcrumb":{"@id":"https:\/\/real-parque-hotel.ms.decms.eu\/pt-pt\/restaurantes-e-bares\/#breadcrumb"},"inLanguage":"pt-PT","potentialAction":[{"@type":"ReadAction","target":["https:\/\/real-parque-hotel.ms.decms.eu\/pt-pt\/restaurantes-e-bares\/"]}]},{"@type":"BreadcrumbList","@id":"https:\/\/real-parque-hotel.ms.decms.eu\/pt-pt\/restaurantes-e-bares\/#breadcrumb","itemListElement":[{"@type":"ListItem","position":1,"name":"Home","item":"https:\/\/real-parque-hotel.ms.decms.eu\/pt-pt\/"},{"@type":"ListItem","position":2,"name":"Restaurantes e Bares"}]},{"@type":"WebSite","@id":"https:\/\/real-parque-hotel.ms.decms.eu\/pt-pt\/#website","url":"https:\/\/real-parque-hotel.ms.decms.eu\/pt-pt\/","name":"Hotel Real Parque","description":"Just another ms.decms.eu site","potentialAction":[{"@type":"SearchAction","target":{"@type":"EntryPoint","urlTemplate":"https:\/\/real-parque-hotel.ms.decms.eu\/pt-pt\/?s={search_term_string}"},"query-input":{"@type":"PropertyValueSpecification","valueRequired":true,"valueName":"search_term_string"}}],"inLanguage":"pt-PT"}]}},"acf":[],"_links":{"self":[{"href":"https:\/\/real-parque-hotel.ms.decms.eu\/pt-pt\/wp-json\/wp\/v2\/pages\/97","targetHints":{"allow":["GET"]}}],"collection":[{"href":"https:\/\/real-parque-hotel.ms.decms.eu\/pt-pt\/wp-json\/wp\/v2\/pages"}],"about":[{"href":"https:\/\/real-parque-hotel.ms.decms.eu\/pt-pt\/wp-json\/wp\/v2\/types\/page"}],"author":[{"embeddable":true,"href":"https:\/\/real-parque-hotel.ms.decms.eu\/pt-pt\/wp-json\/wp\/v2\/users\/36"}],"replies":[{"embeddable":true,"href":"https:\/\/real-parque-hotel.ms.decms.eu\/pt-pt\/wp-json\/wp\/v2\/comments?post=97"}],"version-history":[{"count":0,"href":"https:\/\/real-parque-hotel.ms.decms.eu\/pt-pt\/wp-json\/wp\/v2\/pages\/97\/revisions"}],"wp:attachment":[{"href":"https:\/\/real-parque-hotel.ms.decms.eu\/pt-pt\/wp-json\/wp\/v2\/media?parent=97"}],"curies":[{"name":"wp","href":"https:\/\/api.w.org\/{rel}","templated":true}]}}