{"id":85,"date":"2020-11-25T15:32:17","date_gmt":"2020-11-25T15:32:17","guid":{"rendered":"http:\/\/real-parque-hotel.ms.decms.eu\/?page_id=85"},"modified":"2020-12-10T13:49:48","modified_gmt":"2020-12-10T13:49:48","slug":"quartos-standard","status":"publish","type":"page","link":"https:\/\/real-parque-hotel.ms.decms.eu\/pt-pt\/quartos-e-suites\/quartos-standard\/","title":{"rendered":"Quartos Standard"},"content":{"rendered":"<p>Com \u00e1reas de 24m2, os 147 quartos Standard do Hotel Real Parque t\u00eam uma decora\u00e7\u00e3o cl\u00e1ssica, em tons de castanho e verde, inspirado na envolvente do Hotel.<\/p>\n<p>Com um ambiente acolhedor e familiar, desfrute de uma estadia memor\u00e1vel na capital portuguesa.<\/p>\n","protected":false},"excerpt":{"rendered":"<p>Com \u00e1reas de 24m2, os 147 quartos Standard do Hotel Real Parque t\u00eam uma decora\u00e7\u00e3o cl\u00e1ssica, em tons de castanho e verde, inspirado na envolvente do Hotel. Com um ambiente acolhedor e familiar, desfrute de uma estadia memor\u00e1vel na capital portuguesa.<\/p>\n","protected":false},"author":36,"featured_media":0,"parent":76,"menu_order":10,"comment_status":"closed","ping_status":"closed","template":"template-room.php","meta":{"footnotes":""},"class_list":["post-85","page","type-page","status-publish","hentry"],"yoast_head":"<!-- This site is optimized with the Yoast SEO plugin v26.9 - https:\/\/yoast.com\/product\/yoast-seo-wordpress\/ -->\n<title>Quartos Standard - Hotel Real Parque<\/title>\n<meta name=\"robots\" content=\"noindex, follow, max-snippet:-1, max-image-preview:large, max-video-preview:-1\" \/>\n<meta property=\"og:locale\" content=\"pt_PT\" \/>\n<meta property=\"og:type\" content=\"article\" \/>\n<meta property=\"og:title\" content=\"Quartos Standard - Hotel Real Parque\" \/>\n<meta property=\"og:description\" content=\"Com \u00e1reas de 24m2, os 147 quartos Standard do Hotel Real Parque t\u00eam uma decora\u00e7\u00e3o cl\u00e1ssica, em tons de castanho e verde, inspirado na envolvente do Hotel. Com um ambiente acolhedor e familiar, desfrute de uma estadia memor\u00e1vel na capital portuguesa.\" \/>\n<meta property=\"og:url\" content=\"https:\/\/real-parque-hotel.ms.decms.eu\/pt-pt\/quartos-e-suites\/quartos-standard\/\" \/>\n<meta property=\"og:site_name\" content=\"Hotel Real Parque\" \/>\n<meta property=\"article:modified_time\" content=\"2020-12-10T13:49:48+00:00\" \/>\n<meta name=\"twitter:card\" content=\"summary_large_image\" \/>\n<script type=\"application\/ld+json\" class=\"yoast-schema-graph\">{\"@context\":\"https:\/\/schema.org\",\"@graph\":[{\"@type\":\"WebPage\",\"@id\":\"https:\/\/real-parque-hotel.ms.decms.eu\/pt-pt\/quartos-e-suites\/quartos-standard\/\",\"url\":\"https:\/\/real-parque-hotel.ms.decms.eu\/pt-pt\/quartos-e-suites\/quartos-standard\/\",\"name\":\"Quartos Standard - Hotel Real Parque\",\"isPartOf\":{\"@id\":\"https:\/\/real-parque-hotel.ms.decms.eu\/pt-pt\/#website\"},\"datePublished\":\"2020-11-25T15:32:17+00:00\",\"dateModified\":\"2020-12-10T13:49:48+00:00\",\"breadcrumb\":{\"@id\":\"https:\/\/real-parque-hotel.ms.decms.eu\/pt-pt\/quartos-e-suites\/quartos-standard\/#breadcrumb\"},\"inLanguage\":\"pt-PT\",\"potentialAction\":[{\"@type\":\"ReadAction\",\"target\":[\"https:\/\/real-parque-hotel.ms.decms.eu\/pt-pt\/quartos-e-suites\/quartos-standard\/\"]}]},{\"@type\":\"BreadcrumbList\",\"@id\":\"https:\/\/real-parque-hotel.ms.decms.eu\/pt-pt\/quartos-e-suites\/quartos-standard\/#breadcrumb\",\"itemListElement\":[{\"@type\":\"ListItem\",\"position\":1,\"name\":\"Home\",\"item\":\"https:\/\/real-parque-hotel.ms.decms.eu\/pt-pt\/\"},{\"@type\":\"ListItem\",\"position\":2,\"name\":\"Quartos e Suites\",\"item\":\"https:\/\/real-parque-hotel.ms.decms.eu\/pt-pt\/quartos-e-suites\/\"},{\"@type\":\"ListItem\",\"position\":3,\"name\":\"Quartos Standard\"}]},{\"@type\":\"WebSite\",\"@id\":\"https:\/\/real-parque-hotel.ms.decms.eu\/pt-pt\/#website\",\"url\":\"https:\/\/real-parque-hotel.ms.decms.eu\/pt-pt\/\",\"name\":\"Hotel Real Parque\",\"description\":\"Just another ms.decms.eu site\",\"potentialAction\":[{\"@type\":\"SearchAction\",\"target\":{\"@type\":\"EntryPoint\",\"urlTemplate\":\"https:\/\/real-parque-hotel.ms.decms.eu\/pt-pt\/?s={search_term_string}\"},\"query-input\":{\"@type\":\"PropertyValueSpecification\",\"valueRequired\":true,\"valueName\":\"search_term_string\"}}],\"inLanguage\":\"pt-PT\"}]}<\/script>\n<!-- \/ Yoast SEO plugin. -->","yoast_head_json":{"title":"Quartos Standard - Hotel Real Parque","robots":{"index":"noindex","follow":"follow","max-snippet":"max-snippet:-1","max-image-preview":"max-image-preview:large","max-video-preview":"max-video-preview:-1"},"og_locale":"pt_PT","og_type":"article","og_title":"Quartos Standard - Hotel Real Parque","og_description":"Com \u00e1reas de 24m2, os 147 quartos Standard do Hotel Real Parque t\u00eam uma decora\u00e7\u00e3o cl\u00e1ssica, em tons de castanho e verde, inspirado na envolvente do Hotel. Com um ambiente acolhedor e familiar, desfrute de uma estadia memor\u00e1vel na capital portuguesa.","og_url":"https:\/\/real-parque-hotel.ms.decms.eu\/pt-pt\/quartos-e-suites\/quartos-standard\/","og_site_name":"Hotel Real Parque","article_modified_time":"2020-12-10T13:49:48+00:00","twitter_card":"summary_large_image","schema":{"@context":"https:\/\/schema.org","@graph":[{"@type":"WebPage","@id":"https:\/\/real-parque-hotel.ms.decms.eu\/pt-pt\/quartos-e-suites\/quartos-standard\/","url":"https:\/\/real-parque-hotel.ms.decms.eu\/pt-pt\/quartos-e-suites\/quartos-standard\/","name":"Quartos Standard - Hotel Real Parque","isPartOf":{"@id":"https:\/\/real-parque-hotel.ms.decms.eu\/pt-pt\/#website"},"datePublished":"2020-11-25T15:32:17+00:00","dateModified":"2020-12-10T13:49:48+00:00","breadcrumb":{"@id":"https:\/\/real-parque-hotel.ms.decms.eu\/pt-pt\/quartos-e-suites\/quartos-standard\/#breadcrumb"},"inLanguage":"pt-PT","potentialAction":[{"@type":"ReadAction","target":["https:\/\/real-parque-hotel.ms.decms.eu\/pt-pt\/quartos-e-suites\/quartos-standard\/"]}]},{"@type":"BreadcrumbList","@id":"https:\/\/real-parque-hotel.ms.decms.eu\/pt-pt\/quartos-e-suites\/quartos-standard\/#breadcrumb","itemListElement":[{"@type":"ListItem","position":1,"name":"Home","item":"https:\/\/real-parque-hotel.ms.decms.eu\/pt-pt\/"},{"@type":"ListItem","position":2,"name":"Quartos e Suites","item":"https:\/\/real-parque-hotel.ms.decms.eu\/pt-pt\/quartos-e-suites\/"},{"@type":"ListItem","position":3,"name":"Quartos Standard"}]},{"@type":"WebSite","@id":"https:\/\/real-parque-hotel.ms.decms.eu\/pt-pt\/#website","url":"https:\/\/real-parque-hotel.ms.decms.eu\/pt-pt\/","name":"Hotel Real Parque","description":"Just another ms.decms.eu site","potentialAction":[{"@type":"SearchAction","target":{"@type":"EntryPoint","urlTemplate":"https:\/\/real-parque-hotel.ms.decms.eu\/pt-pt\/?s={search_term_string}"},"query-input":{"@type":"PropertyValueSpecification","valueRequired":true,"valueName":"search_term_string"}}],"inLanguage":"pt-PT"}]}},"acf":[],"_links":{"self":[{"href":"https:\/\/real-parque-hotel.ms.decms.eu\/pt-pt\/wp-json\/wp\/v2\/pages\/85","targetHints":{"allow":["GET"]}}],"collection":[{"href":"https:\/\/real-parque-hotel.ms.decms.eu\/pt-pt\/wp-json\/wp\/v2\/pages"}],"about":[{"href":"https:\/\/real-parque-hotel.ms.decms.eu\/pt-pt\/wp-json\/wp\/v2\/types\/page"}],"author":[{"embeddable":true,"href":"https:\/\/real-parque-hotel.ms.decms.eu\/pt-pt\/wp-json\/wp\/v2\/users\/36"}],"replies":[{"embeddable":true,"href":"https:\/\/real-parque-hotel.ms.decms.eu\/pt-pt\/wp-json\/wp\/v2\/comments?post=85"}],"version-history":[{"count":0,"href":"https:\/\/real-parque-hotel.ms.decms.eu\/pt-pt\/wp-json\/wp\/v2\/pages\/85\/revisions"}],"up":[{"embeddable":true,"href":"https:\/\/real-parque-hotel.ms.decms.eu\/pt-pt\/wp-json\/wp\/v2\/pages\/76"}],"wp:attachment":[{"href":"https:\/\/real-parque-hotel.ms.decms.eu\/pt-pt\/wp-json\/wp\/v2\/media?parent=85"}],"curies":[{"name":"wp","href":"https:\/\/api.w.org\/{rel}","templated":true}]}}