{"id":76,"date":"2020-11-25T14:57:13","date_gmt":"2020-11-25T14:57:13","guid":{"rendered":"http:\/\/real-parque-hotel.ms.decms.eu\/?page_id=76"},"modified":"2021-05-04T10:21:00","modified_gmt":"2021-05-04T10:21:00","slug":"quartos-e-suites","status":"publish","type":"page","link":"https:\/\/real-parque-hotel.ms.decms.eu\/pt-pt\/quartos-e-suites\/","title":{"rendered":"Quartos e Suites"},"content":{"rendered":"<p>Com um ambiente descontra\u00eddo e acolhedor, onde a decora\u00e7\u00e3o une o estilo cl\u00e1ssico ao contempor\u00e2neo, um dos 153 quartos do Hotel Real Parque \u00e9 o seu ponto de partida para descobrir a cidade de Lisboa.<\/p>\n<p>Quer esteja em visita de lazer ou neg\u00f3cios, usufrua do conforto de alojar-se no centro da cidade onde tudo fica mais perto.<\/p>\n","protected":false},"excerpt":{"rendered":"<p>Com um ambiente descontra\u00eddo e acolhedor, onde a decora\u00e7\u00e3o une o estilo cl\u00e1ssico ao contempor\u00e2neo, um dos 153 quartos do Hotel Real Parque \u00e9 o seu ponto de partida para descobrir a cidade de Lisboa. Quer esteja em visita de lazer ou neg\u00f3cios, usufrua do conforto de alojar-se no centro da cidade onde tudo fica [&hellip;]<\/p>\n","protected":false},"author":36,"featured_media":0,"parent":0,"menu_order":20,"comment_status":"closed","ping_status":"closed","template":"template-rooms.php","meta":{"footnotes":""},"class_list":["post-76","page","type-page","status-publish","hentry"],"yoast_head":"<!-- This site is optimized with the Yoast SEO plugin v26.9 - https:\/\/yoast.com\/product\/yoast-seo-wordpress\/ -->\n<title>Quartos e Suites - Hotel Real Parque<\/title>\n<meta name=\"robots\" content=\"noindex, follow, max-snippet:-1, max-image-preview:large, max-video-preview:-1\" \/>\n<meta property=\"og:locale\" content=\"pt_PT\" \/>\n<meta property=\"og:type\" content=\"article\" \/>\n<meta property=\"og:title\" content=\"Quartos e Suites - Hotel Real Parque\" \/>\n<meta property=\"og:description\" content=\"Com um ambiente descontra\u00eddo e acolhedor, onde a decora\u00e7\u00e3o une o estilo cl\u00e1ssico ao contempor\u00e2neo, um dos 153 quartos do Hotel Real Parque \u00e9 o seu ponto de partida para descobrir a cidade de Lisboa. Quer esteja em visita de lazer ou neg\u00f3cios, usufrua do conforto de alojar-se no centro da cidade onde tudo fica [&hellip;]\" \/>\n<meta property=\"og:url\" content=\"https:\/\/real-parque-hotel.ms.decms.eu\/pt-pt\/quartos-e-suites\/\" \/>\n<meta property=\"og:site_name\" content=\"Hotel Real Parque\" \/>\n<meta property=\"article:modified_time\" content=\"2021-05-04T10:21:00+00:00\" \/>\n<meta name=\"twitter:card\" content=\"summary_large_image\" \/>\n<script type=\"application\/ld+json\" class=\"yoast-schema-graph\">{\"@context\":\"https:\/\/schema.org\",\"@graph\":[{\"@type\":\"WebPage\",\"@id\":\"https:\/\/real-parque-hotel.ms.decms.eu\/pt-pt\/quartos-e-suites\/\",\"url\":\"https:\/\/real-parque-hotel.ms.decms.eu\/pt-pt\/quartos-e-suites\/\",\"name\":\"Quartos e Suites - Hotel Real Parque\",\"isPartOf\":{\"@id\":\"https:\/\/real-parque-hotel.ms.decms.eu\/pt-pt\/#website\"},\"datePublished\":\"2020-11-25T14:57:13+00:00\",\"dateModified\":\"2021-05-04T10:21:00+00:00\",\"breadcrumb\":{\"@id\":\"https:\/\/real-parque-hotel.ms.decms.eu\/pt-pt\/quartos-e-suites\/#breadcrumb\"},\"inLanguage\":\"pt-PT\",\"potentialAction\":[{\"@type\":\"ReadAction\",\"target\":[\"https:\/\/real-parque-hotel.ms.decms.eu\/pt-pt\/quartos-e-suites\/\"]}]},{\"@type\":\"BreadcrumbList\",\"@id\":\"https:\/\/real-parque-hotel.ms.decms.eu\/pt-pt\/quartos-e-suites\/#breadcrumb\",\"itemListElement\":[{\"@type\":\"ListItem\",\"position\":1,\"name\":\"Home\",\"item\":\"https:\/\/real-parque-hotel.ms.decms.eu\/pt-pt\/\"},{\"@type\":\"ListItem\",\"position\":2,\"name\":\"Quartos e Suites\"}]},{\"@type\":\"WebSite\",\"@id\":\"https:\/\/real-parque-hotel.ms.decms.eu\/pt-pt\/#website\",\"url\":\"https:\/\/real-parque-hotel.ms.decms.eu\/pt-pt\/\",\"name\":\"Hotel Real Parque\",\"description\":\"Just another ms.decms.eu site\",\"potentialAction\":[{\"@type\":\"SearchAction\",\"target\":{\"@type\":\"EntryPoint\",\"urlTemplate\":\"https:\/\/real-parque-hotel.ms.decms.eu\/pt-pt\/?s={search_term_string}\"},\"query-input\":{\"@type\":\"PropertyValueSpecification\",\"valueRequired\":true,\"valueName\":\"search_term_string\"}}],\"inLanguage\":\"pt-PT\"}]}<\/script>\n<!-- \/ Yoast SEO plugin. -->","yoast_head_json":{"title":"Quartos e Suites - Hotel Real Parque","robots":{"index":"noindex","follow":"follow","max-snippet":"max-snippet:-1","max-image-preview":"max-image-preview:large","max-video-preview":"max-video-preview:-1"},"og_locale":"pt_PT","og_type":"article","og_title":"Quartos e Suites - Hotel Real Parque","og_description":"Com um ambiente descontra\u00eddo e acolhedor, onde a decora\u00e7\u00e3o une o estilo cl\u00e1ssico ao contempor\u00e2neo, um dos 153 quartos do Hotel Real Parque \u00e9 o seu ponto de partida para descobrir a cidade de Lisboa. Quer esteja em visita de lazer ou neg\u00f3cios, usufrua do conforto de alojar-se no centro da cidade onde tudo fica [&hellip;]","og_url":"https:\/\/real-parque-hotel.ms.decms.eu\/pt-pt\/quartos-e-suites\/","og_site_name":"Hotel Real Parque","article_modified_time":"2021-05-04T10:21:00+00:00","twitter_card":"summary_large_image","schema":{"@context":"https:\/\/schema.org","@graph":[{"@type":"WebPage","@id":"https:\/\/real-parque-hotel.ms.decms.eu\/pt-pt\/quartos-e-suites\/","url":"https:\/\/real-parque-hotel.ms.decms.eu\/pt-pt\/quartos-e-suites\/","name":"Quartos e Suites - Hotel Real Parque","isPartOf":{"@id":"https:\/\/real-parque-hotel.ms.decms.eu\/pt-pt\/#website"},"datePublished":"2020-11-25T14:57:13+00:00","dateModified":"2021-05-04T10:21:00+00:00","breadcrumb":{"@id":"https:\/\/real-parque-hotel.ms.decms.eu\/pt-pt\/quartos-e-suites\/#breadcrumb"},"inLanguage":"pt-PT","potentialAction":[{"@type":"ReadAction","target":["https:\/\/real-parque-hotel.ms.decms.eu\/pt-pt\/quartos-e-suites\/"]}]},{"@type":"BreadcrumbList","@id":"https:\/\/real-parque-hotel.ms.decms.eu\/pt-pt\/quartos-e-suites\/#breadcrumb","itemListElement":[{"@type":"ListItem","position":1,"name":"Home","item":"https:\/\/real-parque-hotel.ms.decms.eu\/pt-pt\/"},{"@type":"ListItem","position":2,"name":"Quartos e Suites"}]},{"@type":"WebSite","@id":"https:\/\/real-parque-hotel.ms.decms.eu\/pt-pt\/#website","url":"https:\/\/real-parque-hotel.ms.decms.eu\/pt-pt\/","name":"Hotel Real Parque","description":"Just another ms.decms.eu site","potentialAction":[{"@type":"SearchAction","target":{"@type":"EntryPoint","urlTemplate":"https:\/\/real-parque-hotel.ms.decms.eu\/pt-pt\/?s={search_term_string}"},"query-input":{"@type":"PropertyValueSpecification","valueRequired":true,"valueName":"search_term_string"}}],"inLanguage":"pt-PT"}]}},"acf":[],"_links":{"self":[{"href":"https:\/\/real-parque-hotel.ms.decms.eu\/pt-pt\/wp-json\/wp\/v2\/pages\/76","targetHints":{"allow":["GET"]}}],"collection":[{"href":"https:\/\/real-parque-hotel.ms.decms.eu\/pt-pt\/wp-json\/wp\/v2\/pages"}],"about":[{"href":"https:\/\/real-parque-hotel.ms.decms.eu\/pt-pt\/wp-json\/wp\/v2\/types\/page"}],"author":[{"embeddable":true,"href":"https:\/\/real-parque-hotel.ms.decms.eu\/pt-pt\/wp-json\/wp\/v2\/users\/36"}],"replies":[{"embeddable":true,"href":"https:\/\/real-parque-hotel.ms.decms.eu\/pt-pt\/wp-json\/wp\/v2\/comments?post=76"}],"version-history":[{"count":0,"href":"https:\/\/real-parque-hotel.ms.decms.eu\/pt-pt\/wp-json\/wp\/v2\/pages\/76\/revisions"}],"wp:attachment":[{"href":"https:\/\/real-parque-hotel.ms.decms.eu\/pt-pt\/wp-json\/wp\/v2\/media?parent=76"}],"curies":[{"name":"wp","href":"https:\/\/api.w.org\/{rel}","templated":true}]}}