{"id":3,"date":"2020-11-19T08:37:56","date_gmt":"2020-11-19T08:37:56","guid":{"rendered":"http:\/\/real-parque-hotel.ms.decms.eu\/?page_id=3"},"modified":"2021-05-04T10:20:21","modified_gmt":"2021-05-04T10:20:21","slug":"hotel-real-parque","status":"publish","type":"page","link":"https:\/\/real-parque-hotel.ms.decms.eu\/pt-pt\/","title":{"rendered":"Hotel Real Parque"},"content":{"rendered":"<p>Com uma <strong>localiza\u00e7\u00e3o<\/strong> privilegiada no cora\u00e7\u00e3o de <strong>Lisboa<\/strong>, o <strong>Hotel Real Parque<\/strong> \u00e9 um <strong>hotel 4 estrelas<\/strong> que disp\u00f5e de 153 <strong>quartos<\/strong> e acesso \u00e0 <strong>internet wi-fi gratuito<\/strong>. Siga os emocionantes campeonatos nacionais e internacionais no \u201cReal Sports Bar\u201d, ou descubra os encantos da cozinha tradicional portuguesa no \u201cReal Cantinho\u201d.<\/p>\n<p>O Hotel Real Parque, o primeiro hotel do Real Hotels Group, convida-o a iniciar a sua viagem pela capital portuguesa. Conhe\u00e7a melhor a sua localiza\u00e7\u00e3o e o que fazer em Lisboa.<\/p>\n","protected":false},"excerpt":{"rendered":"<p>Com uma localiza\u00e7\u00e3o privilegiada no cora\u00e7\u00e3o de Lisboa, o Hotel Real Parque \u00e9 um hotel 4 estrelas que disp\u00f5e de 153 quartos e acesso \u00e0 internet wi-fi gratuito. Siga os emocionantes campeonatos nacionais e internacionais no \u201cReal Sports Bar\u201d, ou descubra os encantos da cozinha tradicional portuguesa no \u201cReal Cantinho\u201d. O Hotel Real Parque, o [&hellip;]<\/p>\n","protected":false},"author":17,"featured_media":0,"parent":0,"menu_order":10,"comment_status":"closed","ping_status":"open","template":"","meta":{"footnotes":""},"class_list":["post-3","page","type-page","status-publish","hentry"],"yoast_head":"<!-- This site is optimized with the Yoast SEO plugin v26.9 - https:\/\/yoast.com\/product\/yoast-seo-wordpress\/ -->\n<title>Hotel Real Parque - Hotel Real Parque<\/title>\n<meta name=\"robots\" content=\"noindex, follow, max-snippet:-1, max-image-preview:large, max-video-preview:-1\" \/>\n<meta property=\"og:locale\" content=\"pt_PT\" \/>\n<meta property=\"og:type\" content=\"article\" \/>\n<meta property=\"og:title\" content=\"Hotel Real Parque - Hotel Real Parque\" \/>\n<meta property=\"og:description\" content=\"Com uma localiza\u00e7\u00e3o privilegiada no cora\u00e7\u00e3o de Lisboa, o Hotel Real Parque \u00e9 um hotel 4 estrelas que disp\u00f5e de 153 quartos e acesso \u00e0 internet wi-fi gratuito. Siga os emocionantes campeonatos nacionais e internacionais no \u201cReal Sports Bar\u201d, ou descubra os encantos da cozinha tradicional portuguesa no \u201cReal Cantinho\u201d. O Hotel Real Parque, o [&hellip;]\" \/>\n<meta property=\"og:url\" content=\"https:\/\/real-parque-hotel.ms.decms.eu\/pt-pt\/\" \/>\n<meta property=\"og:site_name\" content=\"Hotel Real Parque\" \/>\n<meta property=\"article:modified_time\" content=\"2021-05-04T10:20:21+00:00\" \/>\n<meta name=\"twitter:card\" content=\"summary_large_image\" \/>\n<script type=\"application\/ld+json\" class=\"yoast-schema-graph\">{\"@context\":\"https:\/\/schema.org\",\"@graph\":[{\"@type\":\"WebPage\",\"@id\":\"https:\/\/real-parque-hotel.ms.decms.eu\/pt-pt\/\",\"url\":\"https:\/\/real-parque-hotel.ms.decms.eu\/pt-pt\/\",\"name\":\"Hotel Real Parque - Hotel Real Parque\",\"isPartOf\":{\"@id\":\"https:\/\/real-parque-hotel.ms.decms.eu\/pt-pt\/#website\"},\"datePublished\":\"2020-11-19T08:37:56+00:00\",\"dateModified\":\"2021-05-04T10:20:21+00:00\",\"breadcrumb\":{\"@id\":\"https:\/\/real-parque-hotel.ms.decms.eu\/pt-pt\/#breadcrumb\"},\"inLanguage\":\"pt-PT\",\"potentialAction\":[{\"@type\":\"ReadAction\",\"target\":[\"https:\/\/real-parque-hotel.ms.decms.eu\/pt-pt\/\"]}]},{\"@type\":\"BreadcrumbList\",\"@id\":\"https:\/\/real-parque-hotel.ms.decms.eu\/pt-pt\/#breadcrumb\",\"itemListElement\":[{\"@type\":\"ListItem\",\"position\":1,\"name\":\"Home\",\"item\":\"https:\/\/real-parque-hotel.ms.decms.eu\/pt-pt\/\"},{\"@type\":\"ListItem\",\"position\":2,\"name\":\"Hotel Real Parque\"}]},{\"@type\":\"WebSite\",\"@id\":\"https:\/\/real-parque-hotel.ms.decms.eu\/pt-pt\/#website\",\"url\":\"https:\/\/real-parque-hotel.ms.decms.eu\/pt-pt\/\",\"name\":\"Hotel Real Parque\",\"description\":\"Just another ms.decms.eu site\",\"potentialAction\":[{\"@type\":\"SearchAction\",\"target\":{\"@type\":\"EntryPoint\",\"urlTemplate\":\"https:\/\/real-parque-hotel.ms.decms.eu\/pt-pt\/?s={search_term_string}\"},\"query-input\":{\"@type\":\"PropertyValueSpecification\",\"valueRequired\":true,\"valueName\":\"search_term_string\"}}],\"inLanguage\":\"pt-PT\"}]}<\/script>\n<!-- \/ Yoast SEO plugin. -->","yoast_head_json":{"title":"Hotel Real Parque - Hotel Real Parque","robots":{"index":"noindex","follow":"follow","max-snippet":"max-snippet:-1","max-image-preview":"max-image-preview:large","max-video-preview":"max-video-preview:-1"},"og_locale":"pt_PT","og_type":"article","og_title":"Hotel Real Parque - Hotel Real Parque","og_description":"Com uma localiza\u00e7\u00e3o privilegiada no cora\u00e7\u00e3o de Lisboa, o Hotel Real Parque \u00e9 um hotel 4 estrelas que disp\u00f5e de 153 quartos e acesso \u00e0 internet wi-fi gratuito. Siga os emocionantes campeonatos nacionais e internacionais no \u201cReal Sports Bar\u201d, ou descubra os encantos da cozinha tradicional portuguesa no \u201cReal Cantinho\u201d. O Hotel Real Parque, o [&hellip;]","og_url":"https:\/\/real-parque-hotel.ms.decms.eu\/pt-pt\/","og_site_name":"Hotel Real Parque","article_modified_time":"2021-05-04T10:20:21+00:00","twitter_card":"summary_large_image","schema":{"@context":"https:\/\/schema.org","@graph":[{"@type":"WebPage","@id":"https:\/\/real-parque-hotel.ms.decms.eu\/pt-pt\/","url":"https:\/\/real-parque-hotel.ms.decms.eu\/pt-pt\/","name":"Hotel Real Parque - Hotel Real Parque","isPartOf":{"@id":"https:\/\/real-parque-hotel.ms.decms.eu\/pt-pt\/#website"},"datePublished":"2020-11-19T08:37:56+00:00","dateModified":"2021-05-04T10:20:21+00:00","breadcrumb":{"@id":"https:\/\/real-parque-hotel.ms.decms.eu\/pt-pt\/#breadcrumb"},"inLanguage":"pt-PT","potentialAction":[{"@type":"ReadAction","target":["https:\/\/real-parque-hotel.ms.decms.eu\/pt-pt\/"]}]},{"@type":"BreadcrumbList","@id":"https:\/\/real-parque-hotel.ms.decms.eu\/pt-pt\/#breadcrumb","itemListElement":[{"@type":"ListItem","position":1,"name":"Home","item":"https:\/\/real-parque-hotel.ms.decms.eu\/pt-pt\/"},{"@type":"ListItem","position":2,"name":"Hotel Real Parque"}]},{"@type":"WebSite","@id":"https:\/\/real-parque-hotel.ms.decms.eu\/pt-pt\/#website","url":"https:\/\/real-parque-hotel.ms.decms.eu\/pt-pt\/","name":"Hotel Real Parque","description":"Just another ms.decms.eu site","potentialAction":[{"@type":"SearchAction","target":{"@type":"EntryPoint","urlTemplate":"https:\/\/real-parque-hotel.ms.decms.eu\/pt-pt\/?s={search_term_string}"},"query-input":{"@type":"PropertyValueSpecification","valueRequired":true,"valueName":"search_term_string"}}],"inLanguage":"pt-PT"}]}},"acf":[],"_links":{"self":[{"href":"https:\/\/real-parque-hotel.ms.decms.eu\/pt-pt\/wp-json\/wp\/v2\/pages\/3","targetHints":{"allow":["GET"]}}],"collection":[{"href":"https:\/\/real-parque-hotel.ms.decms.eu\/pt-pt\/wp-json\/wp\/v2\/pages"}],"about":[{"href":"https:\/\/real-parque-hotel.ms.decms.eu\/pt-pt\/wp-json\/wp\/v2\/types\/page"}],"author":[{"embeddable":true,"href":"https:\/\/real-parque-hotel.ms.decms.eu\/pt-pt\/wp-json\/wp\/v2\/users\/17"}],"replies":[{"embeddable":true,"href":"https:\/\/real-parque-hotel.ms.decms.eu\/pt-pt\/wp-json\/wp\/v2\/comments?post=3"}],"version-history":[{"count":0,"href":"https:\/\/real-parque-hotel.ms.decms.eu\/pt-pt\/wp-json\/wp\/v2\/pages\/3\/revisions"}],"wp:attachment":[{"href":"https:\/\/real-parque-hotel.ms.decms.eu\/pt-pt\/wp-json\/wp\/v2\/media?parent=3"}],"curies":[{"name":"wp","href":"https:\/\/api.w.org\/{rel}","templated":true}]}}