{"id":223,"date":"2020-11-26T15:42:51","date_gmt":"2020-11-26T15:42:51","guid":{"rendered":"http:\/\/real-parque-hotel.ms.decms.eu\/?page_id=223"},"modified":"2020-12-11T14:57:55","modified_gmt":"2020-12-11T14:57:55","slug":"eventos-corporate","status":"publish","type":"page","link":"https:\/\/real-parque-hotel.ms.decms.eu\/pt-pt\/reunioes-e-eventos\/eventos-corporate\/","title":{"rendered":"Eventos Corporate"},"content":{"rendered":"<p>Seja um <strong>teambuilding<\/strong>, uma <strong>conven\u00e7\u00e3o<\/strong> ou um <strong>jantar de Natal<\/strong>, o <strong>Hotel Real Parque<\/strong> re\u00fane as condi\u00e7\u00f5es ideais para realizar o seu <strong>evento corporativo<\/strong>. <\/p>\n<p>Aqui pode contar com a nossa experi\u00eancia e paix\u00e3o para criarmos um <strong>evento totalmente personalizado<\/strong>, adaptado \u00e0s necessidades da sua empresa.<\/p>\n<p>Se procura o local ideal para o seu pr\u00f3ximo evento, contacte-nos e deixe o resto por nossa conta. <\/p>\n<p>No Hotel Real Parque, o seu evento \u00e9 a nossa prioridade!<\/p>\n","protected":false},"excerpt":{"rendered":"<p>Seja um teambuilding, uma conven\u00e7\u00e3o ou um jantar de Natal, o Hotel Real Parque re\u00fane as condi\u00e7\u00f5es ideais para realizar o seu evento corporativo. Aqui pode contar com a nossa experi\u00eancia e paix\u00e3o para criarmos um evento totalmente personalizado, adaptado \u00e0s necessidades da sua empresa. Se procura o local ideal para o seu pr\u00f3ximo evento, [&hellip;]<\/p>\n","protected":false},"author":3,"featured_media":0,"parent":179,"menu_order":5,"comment_status":"closed","ping_status":"closed","template":"template-corporate-events.php","meta":{"footnotes":""},"class_list":["post-223","page","type-page","status-publish","hentry"],"yoast_head":"<!-- This site is optimized with the Yoast SEO plugin v26.9 - https:\/\/yoast.com\/product\/yoast-seo-wordpress\/ -->\n<title>Eventos Corporate - Hotel Real Parque<\/title>\n<meta name=\"robots\" content=\"noindex, follow, max-snippet:-1, max-image-preview:large, max-video-preview:-1\" \/>\n<meta property=\"og:locale\" content=\"pt_PT\" \/>\n<meta property=\"og:type\" content=\"article\" \/>\n<meta property=\"og:title\" content=\"Eventos Corporate - Hotel Real Parque\" \/>\n<meta property=\"og:description\" content=\"Seja um teambuilding, uma conven\u00e7\u00e3o ou um jantar de Natal, o Hotel Real Parque re\u00fane as condi\u00e7\u00f5es ideais para realizar o seu evento corporativo. Aqui pode contar com a nossa experi\u00eancia e paix\u00e3o para criarmos um evento totalmente personalizado, adaptado \u00e0s necessidades da sua empresa. Se procura o local ideal para o seu pr\u00f3ximo evento, [&hellip;]\" \/>\n<meta property=\"og:url\" content=\"https:\/\/real-parque-hotel.ms.decms.eu\/pt-pt\/reunioes-e-eventos\/eventos-corporate\/\" \/>\n<meta property=\"og:site_name\" content=\"Hotel Real Parque\" \/>\n<meta property=\"article:modified_time\" content=\"2020-12-11T14:57:55+00:00\" \/>\n<meta name=\"twitter:card\" content=\"summary_large_image\" \/>\n<script type=\"application\/ld+json\" class=\"yoast-schema-graph\">{\"@context\":\"https:\/\/schema.org\",\"@graph\":[{\"@type\":\"WebPage\",\"@id\":\"https:\/\/real-parque-hotel.ms.decms.eu\/pt-pt\/reunioes-e-eventos\/eventos-corporate\/\",\"url\":\"https:\/\/real-parque-hotel.ms.decms.eu\/pt-pt\/reunioes-e-eventos\/eventos-corporate\/\",\"name\":\"Eventos Corporate - Hotel Real Parque\",\"isPartOf\":{\"@id\":\"https:\/\/real-parque-hotel.ms.decms.eu\/pt-pt\/#website\"},\"datePublished\":\"2020-11-26T15:42:51+00:00\",\"dateModified\":\"2020-12-11T14:57:55+00:00\",\"breadcrumb\":{\"@id\":\"https:\/\/real-parque-hotel.ms.decms.eu\/pt-pt\/reunioes-e-eventos\/eventos-corporate\/#breadcrumb\"},\"inLanguage\":\"pt-PT\",\"potentialAction\":[{\"@type\":\"ReadAction\",\"target\":[\"https:\/\/real-parque-hotel.ms.decms.eu\/pt-pt\/reunioes-e-eventos\/eventos-corporate\/\"]}]},{\"@type\":\"BreadcrumbList\",\"@id\":\"https:\/\/real-parque-hotel.ms.decms.eu\/pt-pt\/reunioes-e-eventos\/eventos-corporate\/#breadcrumb\",\"itemListElement\":[{\"@type\":\"ListItem\",\"position\":1,\"name\":\"Home\",\"item\":\"https:\/\/real-parque-hotel.ms.decms.eu\/pt-pt\/\"},{\"@type\":\"ListItem\",\"position\":2,\"name\":\"Reuni\u00f5es e Eventos\",\"item\":\"https:\/\/real-parque-hotel.ms.decms.eu\/pt-pt\/reunioes-e-eventos\/\"},{\"@type\":\"ListItem\",\"position\":3,\"name\":\"Eventos Corporate\"}]},{\"@type\":\"WebSite\",\"@id\":\"https:\/\/real-parque-hotel.ms.decms.eu\/pt-pt\/#website\",\"url\":\"https:\/\/real-parque-hotel.ms.decms.eu\/pt-pt\/\",\"name\":\"Hotel Real Parque\",\"description\":\"Just another ms.decms.eu site\",\"potentialAction\":[{\"@type\":\"SearchAction\",\"target\":{\"@type\":\"EntryPoint\",\"urlTemplate\":\"https:\/\/real-parque-hotel.ms.decms.eu\/pt-pt\/?s={search_term_string}\"},\"query-input\":{\"@type\":\"PropertyValueSpecification\",\"valueRequired\":true,\"valueName\":\"search_term_string\"}}],\"inLanguage\":\"pt-PT\"}]}<\/script>\n<!-- \/ Yoast SEO plugin. -->","yoast_head_json":{"title":"Eventos Corporate - Hotel Real Parque","robots":{"index":"noindex","follow":"follow","max-snippet":"max-snippet:-1","max-image-preview":"max-image-preview:large","max-video-preview":"max-video-preview:-1"},"og_locale":"pt_PT","og_type":"article","og_title":"Eventos Corporate - Hotel Real Parque","og_description":"Seja um teambuilding, uma conven\u00e7\u00e3o ou um jantar de Natal, o Hotel Real Parque re\u00fane as condi\u00e7\u00f5es ideais para realizar o seu evento corporativo. Aqui pode contar com a nossa experi\u00eancia e paix\u00e3o para criarmos um evento totalmente personalizado, adaptado \u00e0s necessidades da sua empresa. Se procura o local ideal para o seu pr\u00f3ximo evento, [&hellip;]","og_url":"https:\/\/real-parque-hotel.ms.decms.eu\/pt-pt\/reunioes-e-eventos\/eventos-corporate\/","og_site_name":"Hotel Real Parque","article_modified_time":"2020-12-11T14:57:55+00:00","twitter_card":"summary_large_image","schema":{"@context":"https:\/\/schema.org","@graph":[{"@type":"WebPage","@id":"https:\/\/real-parque-hotel.ms.decms.eu\/pt-pt\/reunioes-e-eventos\/eventos-corporate\/","url":"https:\/\/real-parque-hotel.ms.decms.eu\/pt-pt\/reunioes-e-eventos\/eventos-corporate\/","name":"Eventos Corporate - Hotel Real Parque","isPartOf":{"@id":"https:\/\/real-parque-hotel.ms.decms.eu\/pt-pt\/#website"},"datePublished":"2020-11-26T15:42:51+00:00","dateModified":"2020-12-11T14:57:55+00:00","breadcrumb":{"@id":"https:\/\/real-parque-hotel.ms.decms.eu\/pt-pt\/reunioes-e-eventos\/eventos-corporate\/#breadcrumb"},"inLanguage":"pt-PT","potentialAction":[{"@type":"ReadAction","target":["https:\/\/real-parque-hotel.ms.decms.eu\/pt-pt\/reunioes-e-eventos\/eventos-corporate\/"]}]},{"@type":"BreadcrumbList","@id":"https:\/\/real-parque-hotel.ms.decms.eu\/pt-pt\/reunioes-e-eventos\/eventos-corporate\/#breadcrumb","itemListElement":[{"@type":"ListItem","position":1,"name":"Home","item":"https:\/\/real-parque-hotel.ms.decms.eu\/pt-pt\/"},{"@type":"ListItem","position":2,"name":"Reuni\u00f5es e Eventos","item":"https:\/\/real-parque-hotel.ms.decms.eu\/pt-pt\/reunioes-e-eventos\/"},{"@type":"ListItem","position":3,"name":"Eventos Corporate"}]},{"@type":"WebSite","@id":"https:\/\/real-parque-hotel.ms.decms.eu\/pt-pt\/#website","url":"https:\/\/real-parque-hotel.ms.decms.eu\/pt-pt\/","name":"Hotel Real Parque","description":"Just another ms.decms.eu site","potentialAction":[{"@type":"SearchAction","target":{"@type":"EntryPoint","urlTemplate":"https:\/\/real-parque-hotel.ms.decms.eu\/pt-pt\/?s={search_term_string}"},"query-input":{"@type":"PropertyValueSpecification","valueRequired":true,"valueName":"search_term_string"}}],"inLanguage":"pt-PT"}]}},"acf":[],"_links":{"self":[{"href":"https:\/\/real-parque-hotel.ms.decms.eu\/pt-pt\/wp-json\/wp\/v2\/pages\/223","targetHints":{"allow":["GET"]}}],"collection":[{"href":"https:\/\/real-parque-hotel.ms.decms.eu\/pt-pt\/wp-json\/wp\/v2\/pages"}],"about":[{"href":"https:\/\/real-parque-hotel.ms.decms.eu\/pt-pt\/wp-json\/wp\/v2\/types\/page"}],"author":[{"embeddable":true,"href":"https:\/\/real-parque-hotel.ms.decms.eu\/pt-pt\/wp-json\/wp\/v2\/users\/3"}],"replies":[{"embeddable":true,"href":"https:\/\/real-parque-hotel.ms.decms.eu\/pt-pt\/wp-json\/wp\/v2\/comments?post=223"}],"version-history":[{"count":0,"href":"https:\/\/real-parque-hotel.ms.decms.eu\/pt-pt\/wp-json\/wp\/v2\/pages\/223\/revisions"}],"up":[{"embeddable":true,"href":"https:\/\/real-parque-hotel.ms.decms.eu\/pt-pt\/wp-json\/wp\/v2\/pages\/179"}],"wp:attachment":[{"href":"https:\/\/real-parque-hotel.ms.decms.eu\/pt-pt\/wp-json\/wp\/v2\/media?parent=223"}],"curies":[{"name":"wp","href":"https:\/\/api.w.org\/{rel}","templated":true}]}}