{"id":203,"date":"2020-11-26T14:50:34","date_gmt":"2020-11-26T14:50:34","guid":{"rendered":"http:\/\/real-parque-hotel.ms.decms.eu\/?page_id=203"},"modified":"2020-12-11T15:13:14","modified_gmt":"2020-12-11T15:13:14","slug":"eventos-sociais","status":"publish","type":"page","link":"https:\/\/real-parque-hotel.ms.decms.eu\/pt-pt\/reunioes-e-eventos\/eventos-sociais\/","title":{"rendered":"Eventos Sociais"},"content":{"rendered":"<p>Seja um <strong>anivers\u00e1rio<\/strong>, um<strong> jantar de Natal<\/strong> ou apenas uma <strong>celebra\u00e7\u00e3o<\/strong> entre amigos ou fam\u00edlia, o <strong>Hotel Real Parque<\/strong> re\u00fane as condi\u00e7\u00f5es ideais para juntar um grupo especial. Escolha um dos nossos variados espa\u00e7os interiores.<\/p>\n<p>Aqui pode contar com a nossa experi\u00eancia e paix\u00e3o para criarmos um evento totalmente personalizado, adaptado \u00e0s suas necessidades. Se procura o local ideal para o seu pr\u00f3ximo evento, contacte-nos e deixe o resto por nossa conta.<\/p>\n<p>No Hotel Real Parque, o seu evento \u00e9 a nossa prioridade!<\/p>\n","protected":false},"excerpt":{"rendered":"<p>Seja um anivers\u00e1rio, um jantar de Natal ou apenas uma celebra\u00e7\u00e3o entre amigos ou fam\u00edlia, o Hotel Real Parque re\u00fane as condi\u00e7\u00f5es ideais para juntar um grupo especial. Escolha um dos nossos variados espa\u00e7os interiores. Aqui pode contar com a nossa experi\u00eancia e paix\u00e3o para criarmos um evento totalmente personalizado, adaptado \u00e0s suas necessidades. Se [&hellip;]<\/p>\n","protected":false},"author":3,"featured_media":0,"parent":179,"menu_order":10,"comment_status":"closed","ping_status":"closed","template":"template-private-events.php","meta":{"footnotes":""},"class_list":["post-203","page","type-page","status-publish","hentry"],"yoast_head":"<!-- This site is optimized with the Yoast SEO plugin v26.9 - https:\/\/yoast.com\/product\/yoast-seo-wordpress\/ -->\n<title>Eventos Sociais - Hotel Real Parque<\/title>\n<meta name=\"robots\" content=\"noindex, follow, max-snippet:-1, max-image-preview:large, max-video-preview:-1\" \/>\n<meta property=\"og:locale\" content=\"pt_PT\" \/>\n<meta property=\"og:type\" content=\"article\" \/>\n<meta property=\"og:title\" content=\"Eventos Sociais - Hotel Real Parque\" \/>\n<meta property=\"og:description\" content=\"Seja um anivers\u00e1rio, um jantar de Natal ou apenas uma celebra\u00e7\u00e3o entre amigos ou fam\u00edlia, o Hotel Real Parque re\u00fane as condi\u00e7\u00f5es ideais para juntar um grupo especial. Escolha um dos nossos variados espa\u00e7os interiores. Aqui pode contar com a nossa experi\u00eancia e paix\u00e3o para criarmos um evento totalmente personalizado, adaptado \u00e0s suas necessidades. Se [&hellip;]\" \/>\n<meta property=\"og:url\" content=\"https:\/\/real-parque-hotel.ms.decms.eu\/pt-pt\/reunioes-e-eventos\/eventos-sociais\/\" \/>\n<meta property=\"og:site_name\" content=\"Hotel Real Parque\" \/>\n<meta property=\"article:modified_time\" content=\"2020-12-11T15:13:14+00:00\" \/>\n<meta name=\"twitter:card\" content=\"summary_large_image\" \/>\n<script type=\"application\/ld+json\" class=\"yoast-schema-graph\">{\"@context\":\"https:\/\/schema.org\",\"@graph\":[{\"@type\":\"WebPage\",\"@id\":\"https:\/\/real-parque-hotel.ms.decms.eu\/pt-pt\/reunioes-e-eventos\/eventos-sociais\/\",\"url\":\"https:\/\/real-parque-hotel.ms.decms.eu\/pt-pt\/reunioes-e-eventos\/eventos-sociais\/\",\"name\":\"Eventos Sociais - Hotel Real Parque\",\"isPartOf\":{\"@id\":\"https:\/\/real-parque-hotel.ms.decms.eu\/pt-pt\/#website\"},\"datePublished\":\"2020-11-26T14:50:34+00:00\",\"dateModified\":\"2020-12-11T15:13:14+00:00\",\"breadcrumb\":{\"@id\":\"https:\/\/real-parque-hotel.ms.decms.eu\/pt-pt\/reunioes-e-eventos\/eventos-sociais\/#breadcrumb\"},\"inLanguage\":\"pt-PT\",\"potentialAction\":[{\"@type\":\"ReadAction\",\"target\":[\"https:\/\/real-parque-hotel.ms.decms.eu\/pt-pt\/reunioes-e-eventos\/eventos-sociais\/\"]}]},{\"@type\":\"BreadcrumbList\",\"@id\":\"https:\/\/real-parque-hotel.ms.decms.eu\/pt-pt\/reunioes-e-eventos\/eventos-sociais\/#breadcrumb\",\"itemListElement\":[{\"@type\":\"ListItem\",\"position\":1,\"name\":\"Home\",\"item\":\"https:\/\/real-parque-hotel.ms.decms.eu\/pt-pt\/\"},{\"@type\":\"ListItem\",\"position\":2,\"name\":\"Reuni\u00f5es e Eventos\",\"item\":\"https:\/\/real-parque-hotel.ms.decms.eu\/pt-pt\/reunioes-e-eventos\/\"},{\"@type\":\"ListItem\",\"position\":3,\"name\":\"Eventos Sociais\"}]},{\"@type\":\"WebSite\",\"@id\":\"https:\/\/real-parque-hotel.ms.decms.eu\/pt-pt\/#website\",\"url\":\"https:\/\/real-parque-hotel.ms.decms.eu\/pt-pt\/\",\"name\":\"Hotel Real Parque\",\"description\":\"Just another ms.decms.eu site\",\"potentialAction\":[{\"@type\":\"SearchAction\",\"target\":{\"@type\":\"EntryPoint\",\"urlTemplate\":\"https:\/\/real-parque-hotel.ms.decms.eu\/pt-pt\/?s={search_term_string}\"},\"query-input\":{\"@type\":\"PropertyValueSpecification\",\"valueRequired\":true,\"valueName\":\"search_term_string\"}}],\"inLanguage\":\"pt-PT\"}]}<\/script>\n<!-- \/ Yoast SEO plugin. -->","yoast_head_json":{"title":"Eventos Sociais - Hotel Real Parque","robots":{"index":"noindex","follow":"follow","max-snippet":"max-snippet:-1","max-image-preview":"max-image-preview:large","max-video-preview":"max-video-preview:-1"},"og_locale":"pt_PT","og_type":"article","og_title":"Eventos Sociais - Hotel Real Parque","og_description":"Seja um anivers\u00e1rio, um jantar de Natal ou apenas uma celebra\u00e7\u00e3o entre amigos ou fam\u00edlia, o Hotel Real Parque re\u00fane as condi\u00e7\u00f5es ideais para juntar um grupo especial. Escolha um dos nossos variados espa\u00e7os interiores. Aqui pode contar com a nossa experi\u00eancia e paix\u00e3o para criarmos um evento totalmente personalizado, adaptado \u00e0s suas necessidades. Se [&hellip;]","og_url":"https:\/\/real-parque-hotel.ms.decms.eu\/pt-pt\/reunioes-e-eventos\/eventos-sociais\/","og_site_name":"Hotel Real Parque","article_modified_time":"2020-12-11T15:13:14+00:00","twitter_card":"summary_large_image","schema":{"@context":"https:\/\/schema.org","@graph":[{"@type":"WebPage","@id":"https:\/\/real-parque-hotel.ms.decms.eu\/pt-pt\/reunioes-e-eventos\/eventos-sociais\/","url":"https:\/\/real-parque-hotel.ms.decms.eu\/pt-pt\/reunioes-e-eventos\/eventos-sociais\/","name":"Eventos Sociais - Hotel Real Parque","isPartOf":{"@id":"https:\/\/real-parque-hotel.ms.decms.eu\/pt-pt\/#website"},"datePublished":"2020-11-26T14:50:34+00:00","dateModified":"2020-12-11T15:13:14+00:00","breadcrumb":{"@id":"https:\/\/real-parque-hotel.ms.decms.eu\/pt-pt\/reunioes-e-eventos\/eventos-sociais\/#breadcrumb"},"inLanguage":"pt-PT","potentialAction":[{"@type":"ReadAction","target":["https:\/\/real-parque-hotel.ms.decms.eu\/pt-pt\/reunioes-e-eventos\/eventos-sociais\/"]}]},{"@type":"BreadcrumbList","@id":"https:\/\/real-parque-hotel.ms.decms.eu\/pt-pt\/reunioes-e-eventos\/eventos-sociais\/#breadcrumb","itemListElement":[{"@type":"ListItem","position":1,"name":"Home","item":"https:\/\/real-parque-hotel.ms.decms.eu\/pt-pt\/"},{"@type":"ListItem","position":2,"name":"Reuni\u00f5es e Eventos","item":"https:\/\/real-parque-hotel.ms.decms.eu\/pt-pt\/reunioes-e-eventos\/"},{"@type":"ListItem","position":3,"name":"Eventos Sociais"}]},{"@type":"WebSite","@id":"https:\/\/real-parque-hotel.ms.decms.eu\/pt-pt\/#website","url":"https:\/\/real-parque-hotel.ms.decms.eu\/pt-pt\/","name":"Hotel Real Parque","description":"Just another ms.decms.eu site","potentialAction":[{"@type":"SearchAction","target":{"@type":"EntryPoint","urlTemplate":"https:\/\/real-parque-hotel.ms.decms.eu\/pt-pt\/?s={search_term_string}"},"query-input":{"@type":"PropertyValueSpecification","valueRequired":true,"valueName":"search_term_string"}}],"inLanguage":"pt-PT"}]}},"acf":[],"_links":{"self":[{"href":"https:\/\/real-parque-hotel.ms.decms.eu\/pt-pt\/wp-json\/wp\/v2\/pages\/203","targetHints":{"allow":["GET"]}}],"collection":[{"href":"https:\/\/real-parque-hotel.ms.decms.eu\/pt-pt\/wp-json\/wp\/v2\/pages"}],"about":[{"href":"https:\/\/real-parque-hotel.ms.decms.eu\/pt-pt\/wp-json\/wp\/v2\/types\/page"}],"author":[{"embeddable":true,"href":"https:\/\/real-parque-hotel.ms.decms.eu\/pt-pt\/wp-json\/wp\/v2\/users\/3"}],"replies":[{"embeddable":true,"href":"https:\/\/real-parque-hotel.ms.decms.eu\/pt-pt\/wp-json\/wp\/v2\/comments?post=203"}],"version-history":[{"count":0,"href":"https:\/\/real-parque-hotel.ms.decms.eu\/pt-pt\/wp-json\/wp\/v2\/pages\/203\/revisions"}],"up":[{"embeddable":true,"href":"https:\/\/real-parque-hotel.ms.decms.eu\/pt-pt\/wp-json\/wp\/v2\/pages\/179"}],"wp:attachment":[{"href":"https:\/\/real-parque-hotel.ms.decms.eu\/pt-pt\/wp-json\/wp\/v2\/media?parent=203"}],"curies":[{"name":"wp","href":"https:\/\/api.w.org\/{rel}","templated":true}]}}