{"id":151,"date":"2020-11-26T11:12:16","date_gmt":"2020-11-26T11:12:16","guid":{"rendered":"http:\/\/real-parque-hotel.ms.decms.eu\/?page_id=151"},"modified":"2021-03-22T18:39:16","modified_gmt":"2021-03-22T18:39:16","slug":"real-cantinho","status":"publish","type":"page","link":"https:\/\/real-parque-hotel.ms.decms.eu\/pt-pt\/restaurantes-e-bares\/real-cantinho\/","title":{"rendered":"Real Cantinho"},"content":{"rendered":"<p>O \u201cReal Cantinho\u201d oferece-lhe o melhor da cozinha tradicional portuguesa, ao sabor de cada momento. Um suculento bife \u00e0 portuguesa, uma refrescante salada, um saboroso snack, ou a nossa irresist\u00edvel pastelaria caseira, s\u00e3o apenas algumas das sugest\u00f5es que lhe deixamos para desfrutar de uma experi\u00eancia gastron\u00f3mica \u00fanica.<\/p>\n<p>Apostando numa oferta diversificada e complementar, o \u201cReal Cantinho\u201d re\u00fane todas as condi\u00e7\u00f5es para quem pretende uma refei\u00e7\u00e3o r\u00e1pida a qualquer hora do dia.<\/p>\n","protected":false},"excerpt":{"rendered":"<p>O \u201cReal Cantinho\u201d oferece-lhe o melhor da cozinha tradicional portuguesa, ao sabor de cada momento. Um suculento bife \u00e0 portuguesa, uma refrescante salada, um saboroso snack, ou a nossa irresist\u00edvel pastelaria caseira, s\u00e3o apenas algumas das sugest\u00f5es que lhe deixamos para desfrutar de uma experi\u00eancia gastron\u00f3mica \u00fanica. Apostando numa oferta diversificada e complementar, o \u201cReal [&hellip;]<\/p>\n","protected":false},"author":3,"featured_media":0,"parent":97,"menu_order":30,"comment_status":"closed","ping_status":"closed","template":"template-restaurant.php","meta":{"footnotes":""},"class_list":["post-151","page","type-page","status-publish","hentry"],"yoast_head":"<!-- This site is optimized with the Yoast SEO plugin v26.9 - https:\/\/yoast.com\/product\/yoast-seo-wordpress\/ -->\n<title>Real Cantinho - Hotel Real Parque<\/title>\n<meta name=\"robots\" content=\"noindex, follow, max-snippet:-1, max-image-preview:large, max-video-preview:-1\" \/>\n<meta property=\"og:locale\" content=\"pt_PT\" \/>\n<meta property=\"og:type\" content=\"article\" \/>\n<meta property=\"og:title\" content=\"Real Cantinho - Hotel Real Parque\" \/>\n<meta property=\"og:description\" content=\"O \u201cReal Cantinho\u201d oferece-lhe o melhor da cozinha tradicional portuguesa, ao sabor de cada momento. Um suculento bife \u00e0 portuguesa, uma refrescante salada, um saboroso snack, ou a nossa irresist\u00edvel pastelaria caseira, s\u00e3o apenas algumas das sugest\u00f5es que lhe deixamos para desfrutar de uma experi\u00eancia gastron\u00f3mica \u00fanica. Apostando numa oferta diversificada e complementar, o \u201cReal [&hellip;]\" \/>\n<meta property=\"og:url\" content=\"https:\/\/real-parque-hotel.ms.decms.eu\/pt-pt\/restaurantes-e-bares\/real-cantinho\/\" \/>\n<meta property=\"og:site_name\" content=\"Hotel Real Parque\" \/>\n<meta property=\"article:modified_time\" content=\"2021-03-22T18:39:16+00:00\" \/>\n<meta name=\"twitter:card\" content=\"summary_large_image\" \/>\n<script type=\"application\/ld+json\" class=\"yoast-schema-graph\">{\"@context\":\"https:\/\/schema.org\",\"@graph\":[{\"@type\":\"WebPage\",\"@id\":\"https:\/\/real-parque-hotel.ms.decms.eu\/pt-pt\/restaurantes-e-bares\/real-cantinho\/\",\"url\":\"https:\/\/real-parque-hotel.ms.decms.eu\/pt-pt\/restaurantes-e-bares\/real-cantinho\/\",\"name\":\"Real Cantinho - Hotel Real Parque\",\"isPartOf\":{\"@id\":\"https:\/\/real-parque-hotel.ms.decms.eu\/pt-pt\/#website\"},\"datePublished\":\"2020-11-26T11:12:16+00:00\",\"dateModified\":\"2021-03-22T18:39:16+00:00\",\"breadcrumb\":{\"@id\":\"https:\/\/real-parque-hotel.ms.decms.eu\/pt-pt\/restaurantes-e-bares\/real-cantinho\/#breadcrumb\"},\"inLanguage\":\"pt-PT\",\"potentialAction\":[{\"@type\":\"ReadAction\",\"target\":[\"https:\/\/real-parque-hotel.ms.decms.eu\/pt-pt\/restaurantes-e-bares\/real-cantinho\/\"]}]},{\"@type\":\"BreadcrumbList\",\"@id\":\"https:\/\/real-parque-hotel.ms.decms.eu\/pt-pt\/restaurantes-e-bares\/real-cantinho\/#breadcrumb\",\"itemListElement\":[{\"@type\":\"ListItem\",\"position\":1,\"name\":\"Home\",\"item\":\"https:\/\/real-parque-hotel.ms.decms.eu\/pt-pt\/\"},{\"@type\":\"ListItem\",\"position\":2,\"name\":\"Restaurantes e Bares\",\"item\":\"https:\/\/real-parque-hotel.ms.decms.eu\/pt-pt\/restaurantes-e-bares\/\"},{\"@type\":\"ListItem\",\"position\":3,\"name\":\"Real Cantinho\"}]},{\"@type\":\"WebSite\",\"@id\":\"https:\/\/real-parque-hotel.ms.decms.eu\/pt-pt\/#website\",\"url\":\"https:\/\/real-parque-hotel.ms.decms.eu\/pt-pt\/\",\"name\":\"Hotel Real Parque\",\"description\":\"Just another ms.decms.eu site\",\"potentialAction\":[{\"@type\":\"SearchAction\",\"target\":{\"@type\":\"EntryPoint\",\"urlTemplate\":\"https:\/\/real-parque-hotel.ms.decms.eu\/pt-pt\/?s={search_term_string}\"},\"query-input\":{\"@type\":\"PropertyValueSpecification\",\"valueRequired\":true,\"valueName\":\"search_term_string\"}}],\"inLanguage\":\"pt-PT\"}]}<\/script>\n<!-- \/ Yoast SEO plugin. -->","yoast_head_json":{"title":"Real Cantinho - Hotel Real Parque","robots":{"index":"noindex","follow":"follow","max-snippet":"max-snippet:-1","max-image-preview":"max-image-preview:large","max-video-preview":"max-video-preview:-1"},"og_locale":"pt_PT","og_type":"article","og_title":"Real Cantinho - Hotel Real Parque","og_description":"O \u201cReal Cantinho\u201d oferece-lhe o melhor da cozinha tradicional portuguesa, ao sabor de cada momento. Um suculento bife \u00e0 portuguesa, uma refrescante salada, um saboroso snack, ou a nossa irresist\u00edvel pastelaria caseira, s\u00e3o apenas algumas das sugest\u00f5es que lhe deixamos para desfrutar de uma experi\u00eancia gastron\u00f3mica \u00fanica. Apostando numa oferta diversificada e complementar, o \u201cReal [&hellip;]","og_url":"https:\/\/real-parque-hotel.ms.decms.eu\/pt-pt\/restaurantes-e-bares\/real-cantinho\/","og_site_name":"Hotel Real Parque","article_modified_time":"2021-03-22T18:39:16+00:00","twitter_card":"summary_large_image","schema":{"@context":"https:\/\/schema.org","@graph":[{"@type":"WebPage","@id":"https:\/\/real-parque-hotel.ms.decms.eu\/pt-pt\/restaurantes-e-bares\/real-cantinho\/","url":"https:\/\/real-parque-hotel.ms.decms.eu\/pt-pt\/restaurantes-e-bares\/real-cantinho\/","name":"Real Cantinho - Hotel Real Parque","isPartOf":{"@id":"https:\/\/real-parque-hotel.ms.decms.eu\/pt-pt\/#website"},"datePublished":"2020-11-26T11:12:16+00:00","dateModified":"2021-03-22T18:39:16+00:00","breadcrumb":{"@id":"https:\/\/real-parque-hotel.ms.decms.eu\/pt-pt\/restaurantes-e-bares\/real-cantinho\/#breadcrumb"},"inLanguage":"pt-PT","potentialAction":[{"@type":"ReadAction","target":["https:\/\/real-parque-hotel.ms.decms.eu\/pt-pt\/restaurantes-e-bares\/real-cantinho\/"]}]},{"@type":"BreadcrumbList","@id":"https:\/\/real-parque-hotel.ms.decms.eu\/pt-pt\/restaurantes-e-bares\/real-cantinho\/#breadcrumb","itemListElement":[{"@type":"ListItem","position":1,"name":"Home","item":"https:\/\/real-parque-hotel.ms.decms.eu\/pt-pt\/"},{"@type":"ListItem","position":2,"name":"Restaurantes e Bares","item":"https:\/\/real-parque-hotel.ms.decms.eu\/pt-pt\/restaurantes-e-bares\/"},{"@type":"ListItem","position":3,"name":"Real Cantinho"}]},{"@type":"WebSite","@id":"https:\/\/real-parque-hotel.ms.decms.eu\/pt-pt\/#website","url":"https:\/\/real-parque-hotel.ms.decms.eu\/pt-pt\/","name":"Hotel Real Parque","description":"Just another ms.decms.eu site","potentialAction":[{"@type":"SearchAction","target":{"@type":"EntryPoint","urlTemplate":"https:\/\/real-parque-hotel.ms.decms.eu\/pt-pt\/?s={search_term_string}"},"query-input":{"@type":"PropertyValueSpecification","valueRequired":true,"valueName":"search_term_string"}}],"inLanguage":"pt-PT"}]}},"acf":[],"_links":{"self":[{"href":"https:\/\/real-parque-hotel.ms.decms.eu\/pt-pt\/wp-json\/wp\/v2\/pages\/151","targetHints":{"allow":["GET"]}}],"collection":[{"href":"https:\/\/real-parque-hotel.ms.decms.eu\/pt-pt\/wp-json\/wp\/v2\/pages"}],"about":[{"href":"https:\/\/real-parque-hotel.ms.decms.eu\/pt-pt\/wp-json\/wp\/v2\/types\/page"}],"author":[{"embeddable":true,"href":"https:\/\/real-parque-hotel.ms.decms.eu\/pt-pt\/wp-json\/wp\/v2\/users\/3"}],"replies":[{"embeddable":true,"href":"https:\/\/real-parque-hotel.ms.decms.eu\/pt-pt\/wp-json\/wp\/v2\/comments?post=151"}],"version-history":[{"count":0,"href":"https:\/\/real-parque-hotel.ms.decms.eu\/pt-pt\/wp-json\/wp\/v2\/pages\/151\/revisions"}],"up":[{"embeddable":true,"href":"https:\/\/real-parque-hotel.ms.decms.eu\/pt-pt\/wp-json\/wp\/v2\/pages\/97"}],"wp:attachment":[{"href":"https:\/\/real-parque-hotel.ms.decms.eu\/pt-pt\/wp-json\/wp\/v2\/media?parent=151"}],"curies":[{"name":"wp","href":"https:\/\/api.w.org\/{rel}","templated":true}]}}