{"id":136,"date":"2020-11-26T10:30:13","date_gmt":"2020-11-26T10:30:13","guid":{"rendered":"http:\/\/real-parque-hotel.ms.decms.eu\/?page_id=136"},"modified":"2021-03-22T18:37:13","modified_gmt":"2021-03-22T18:37:13","slug":"real-sports-bar","status":"publish","type":"page","link":"https:\/\/real-parque-hotel.ms.decms.eu\/pt-pt\/restaurantes-e-bares\/real-sports-bar\/","title":{"rendered":"Real Sports Bar"},"content":{"rendered":"<p>O <strong>Real Sports Bar<\/strong> \u00e9 um espa\u00e7o dedicado a todos os amantes do desporto, a aqueles que vibram dia apos dia pelo seu clube ou \u00eddolo, que acompanham e apoiam a sua equipa incondicionalmente.<\/p>\n<p>Porque sabemos que existem adeptos assim, que n\u00e3o perdem um minuto do jogo do seu clube e gostam de fazer parte do espect\u00e1culo, cri\u00e1mos um local de culto ao desporto, onde todos os f\u00e3s podem viver fervorosamente a emo\u00e7\u00e3o de um grande jogo.<\/p>\n<p>Com ambiente descontra\u00eddo e apaixonante, o Real Sports Bar disp\u00f5e de petiscos tipicamente portugueses, refei\u00e7\u00f5es ligeiras, snacks e uma variada sele\u00e7\u00e3o de bebidas portuguesas e internacionais.<\/p>\n","protected":false},"excerpt":{"rendered":"<p>O Real Sports Bar \u00e9 um espa\u00e7o dedicado a todos os amantes do desporto, a aqueles que vibram dia apos dia pelo seu clube ou \u00eddolo, que acompanham e apoiam a sua equipa incondicionalmente. Porque sabemos que existem adeptos assim, que n\u00e3o perdem um minuto do jogo do seu clube e gostam de fazer parte [&hellip;]<\/p>\n","protected":false},"author":3,"featured_media":0,"parent":97,"menu_order":20,"comment_status":"closed","ping_status":"closed","template":"template-restaurant.php","meta":{"footnotes":""},"class_list":["post-136","page","type-page","status-publish","hentry"],"yoast_head":"<!-- This site is optimized with the Yoast SEO plugin v26.9 - https:\/\/yoast.com\/product\/yoast-seo-wordpress\/ -->\n<title>Real Sports Bar - Hotel Real Parque<\/title>\n<meta name=\"robots\" content=\"noindex, follow, max-snippet:-1, max-image-preview:large, max-video-preview:-1\" \/>\n<meta property=\"og:locale\" content=\"pt_PT\" \/>\n<meta property=\"og:type\" content=\"article\" \/>\n<meta property=\"og:title\" content=\"Real Sports Bar - Hotel Real Parque\" \/>\n<meta property=\"og:description\" content=\"O Real Sports Bar \u00e9 um espa\u00e7o dedicado a todos os amantes do desporto, a aqueles que vibram dia apos dia pelo seu clube ou \u00eddolo, que acompanham e apoiam a sua equipa incondicionalmente. Porque sabemos que existem adeptos assim, que n\u00e3o perdem um minuto do jogo do seu clube e gostam de fazer parte [&hellip;]\" \/>\n<meta property=\"og:url\" content=\"https:\/\/real-parque-hotel.ms.decms.eu\/pt-pt\/restaurantes-e-bares\/real-sports-bar\/\" \/>\n<meta property=\"og:site_name\" content=\"Hotel Real Parque\" \/>\n<meta property=\"article:modified_time\" content=\"2021-03-22T18:37:13+00:00\" \/>\n<meta name=\"twitter:card\" content=\"summary_large_image\" \/>\n<meta name=\"twitter:label1\" content=\"Tempo estimado de leitura\" \/>\n\t<meta name=\"twitter:data1\" content=\"1 minuto\" \/>\n<script type=\"application\/ld+json\" class=\"yoast-schema-graph\">{\"@context\":\"https:\/\/schema.org\",\"@graph\":[{\"@type\":\"WebPage\",\"@id\":\"https:\/\/real-parque-hotel.ms.decms.eu\/pt-pt\/restaurantes-e-bares\/real-sports-bar\/\",\"url\":\"https:\/\/real-parque-hotel.ms.decms.eu\/pt-pt\/restaurantes-e-bares\/real-sports-bar\/\",\"name\":\"Real Sports Bar - Hotel Real Parque\",\"isPartOf\":{\"@id\":\"https:\/\/real-parque-hotel.ms.decms.eu\/pt-pt\/#website\"},\"datePublished\":\"2020-11-26T10:30:13+00:00\",\"dateModified\":\"2021-03-22T18:37:13+00:00\",\"breadcrumb\":{\"@id\":\"https:\/\/real-parque-hotel.ms.decms.eu\/pt-pt\/restaurantes-e-bares\/real-sports-bar\/#breadcrumb\"},\"inLanguage\":\"pt-PT\",\"potentialAction\":[{\"@type\":\"ReadAction\",\"target\":[\"https:\/\/real-parque-hotel.ms.decms.eu\/pt-pt\/restaurantes-e-bares\/real-sports-bar\/\"]}]},{\"@type\":\"BreadcrumbList\",\"@id\":\"https:\/\/real-parque-hotel.ms.decms.eu\/pt-pt\/restaurantes-e-bares\/real-sports-bar\/#breadcrumb\",\"itemListElement\":[{\"@type\":\"ListItem\",\"position\":1,\"name\":\"Home\",\"item\":\"https:\/\/real-parque-hotel.ms.decms.eu\/pt-pt\/\"},{\"@type\":\"ListItem\",\"position\":2,\"name\":\"Restaurantes e Bares\",\"item\":\"https:\/\/real-parque-hotel.ms.decms.eu\/pt-pt\/restaurantes-e-bares\/\"},{\"@type\":\"ListItem\",\"position\":3,\"name\":\"Real Sports Bar\"}]},{\"@type\":\"WebSite\",\"@id\":\"https:\/\/real-parque-hotel.ms.decms.eu\/pt-pt\/#website\",\"url\":\"https:\/\/real-parque-hotel.ms.decms.eu\/pt-pt\/\",\"name\":\"Hotel Real Parque\",\"description\":\"Just another ms.decms.eu site\",\"potentialAction\":[{\"@type\":\"SearchAction\",\"target\":{\"@type\":\"EntryPoint\",\"urlTemplate\":\"https:\/\/real-parque-hotel.ms.decms.eu\/pt-pt\/?s={search_term_string}\"},\"query-input\":{\"@type\":\"PropertyValueSpecification\",\"valueRequired\":true,\"valueName\":\"search_term_string\"}}],\"inLanguage\":\"pt-PT\"}]}<\/script>\n<!-- \/ Yoast SEO plugin. -->","yoast_head_json":{"title":"Real Sports Bar - Hotel Real Parque","robots":{"index":"noindex","follow":"follow","max-snippet":"max-snippet:-1","max-image-preview":"max-image-preview:large","max-video-preview":"max-video-preview:-1"},"og_locale":"pt_PT","og_type":"article","og_title":"Real Sports Bar - Hotel Real Parque","og_description":"O Real Sports Bar \u00e9 um espa\u00e7o dedicado a todos os amantes do desporto, a aqueles que vibram dia apos dia pelo seu clube ou \u00eddolo, que acompanham e apoiam a sua equipa incondicionalmente. Porque sabemos que existem adeptos assim, que n\u00e3o perdem um minuto do jogo do seu clube e gostam de fazer parte [&hellip;]","og_url":"https:\/\/real-parque-hotel.ms.decms.eu\/pt-pt\/restaurantes-e-bares\/real-sports-bar\/","og_site_name":"Hotel Real Parque","article_modified_time":"2021-03-22T18:37:13+00:00","twitter_card":"summary_large_image","twitter_misc":{"Tempo estimado de leitura":"1 minuto"},"schema":{"@context":"https:\/\/schema.org","@graph":[{"@type":"WebPage","@id":"https:\/\/real-parque-hotel.ms.decms.eu\/pt-pt\/restaurantes-e-bares\/real-sports-bar\/","url":"https:\/\/real-parque-hotel.ms.decms.eu\/pt-pt\/restaurantes-e-bares\/real-sports-bar\/","name":"Real Sports Bar - Hotel Real Parque","isPartOf":{"@id":"https:\/\/real-parque-hotel.ms.decms.eu\/pt-pt\/#website"},"datePublished":"2020-11-26T10:30:13+00:00","dateModified":"2021-03-22T18:37:13+00:00","breadcrumb":{"@id":"https:\/\/real-parque-hotel.ms.decms.eu\/pt-pt\/restaurantes-e-bares\/real-sports-bar\/#breadcrumb"},"inLanguage":"pt-PT","potentialAction":[{"@type":"ReadAction","target":["https:\/\/real-parque-hotel.ms.decms.eu\/pt-pt\/restaurantes-e-bares\/real-sports-bar\/"]}]},{"@type":"BreadcrumbList","@id":"https:\/\/real-parque-hotel.ms.decms.eu\/pt-pt\/restaurantes-e-bares\/real-sports-bar\/#breadcrumb","itemListElement":[{"@type":"ListItem","position":1,"name":"Home","item":"https:\/\/real-parque-hotel.ms.decms.eu\/pt-pt\/"},{"@type":"ListItem","position":2,"name":"Restaurantes e Bares","item":"https:\/\/real-parque-hotel.ms.decms.eu\/pt-pt\/restaurantes-e-bares\/"},{"@type":"ListItem","position":3,"name":"Real Sports Bar"}]},{"@type":"WebSite","@id":"https:\/\/real-parque-hotel.ms.decms.eu\/pt-pt\/#website","url":"https:\/\/real-parque-hotel.ms.decms.eu\/pt-pt\/","name":"Hotel Real Parque","description":"Just another ms.decms.eu site","potentialAction":[{"@type":"SearchAction","target":{"@type":"EntryPoint","urlTemplate":"https:\/\/real-parque-hotel.ms.decms.eu\/pt-pt\/?s={search_term_string}"},"query-input":{"@type":"PropertyValueSpecification","valueRequired":true,"valueName":"search_term_string"}}],"inLanguage":"pt-PT"}]}},"acf":[],"_links":{"self":[{"href":"https:\/\/real-parque-hotel.ms.decms.eu\/pt-pt\/wp-json\/wp\/v2\/pages\/136","targetHints":{"allow":["GET"]}}],"collection":[{"href":"https:\/\/real-parque-hotel.ms.decms.eu\/pt-pt\/wp-json\/wp\/v2\/pages"}],"about":[{"href":"https:\/\/real-parque-hotel.ms.decms.eu\/pt-pt\/wp-json\/wp\/v2\/types\/page"}],"author":[{"embeddable":true,"href":"https:\/\/real-parque-hotel.ms.decms.eu\/pt-pt\/wp-json\/wp\/v2\/users\/3"}],"replies":[{"embeddable":true,"href":"https:\/\/real-parque-hotel.ms.decms.eu\/pt-pt\/wp-json\/wp\/v2\/comments?post=136"}],"version-history":[{"count":0,"href":"https:\/\/real-parque-hotel.ms.decms.eu\/pt-pt\/wp-json\/wp\/v2\/pages\/136\/revisions"}],"up":[{"embeddable":true,"href":"https:\/\/real-parque-hotel.ms.decms.eu\/pt-pt\/wp-json\/wp\/v2\/pages\/97"}],"wp:attachment":[{"href":"https:\/\/real-parque-hotel.ms.decms.eu\/pt-pt\/wp-json\/wp\/v2\/media?parent=136"}],"curies":[{"name":"wp","href":"https:\/\/api.w.org\/{rel}","templated":true}]}}