{"id":109,"date":"2020-11-25T16:17:23","date_gmt":"2020-11-25T16:17:23","guid":{"rendered":"http:\/\/real-parque-hotel.ms.decms.eu\/?page_id=109"},"modified":"2021-03-22T18:35:52","modified_gmt":"2021-03-22T18:35:52","slug":"real-restaurante","status":"publish","type":"page","link":"https:\/\/real-parque-hotel.ms.decms.eu\/pt-pt\/restaurantes-e-bares\/real-restaurante\/","title":{"rendered":"Real Restaurante"},"content":{"rendered":"<p>No <strong>Real Restaurante<\/strong> convidamo-lo a iniciar o seu dia com um sugestivo e completo pequeno-almo\u00e7o. O Chef preparou-lhe uma cuidada selec\u00e7\u00e3o da melhor pastelaria, padaria e charcutaria portuguesa e internacional.<\/p>\n<p>Ao almo\u00e7o e jantar delicie-se com os nossos <strong>buffets tem\u00e1ticos<\/strong>.<\/p>\n<p>O Real Restaurante tamb\u00e9m acolhe eventos de diferentes naturezas, tornando os seus acontecimentos memor\u00e1veis.<\/p>\n<p>Contacte-nos e saiba como podemos realizar o seu evento!<\/p>\n","protected":false},"excerpt":{"rendered":"<p>No Real Restaurante convidamo-lo a iniciar o seu dia com um sugestivo e completo pequeno-almo\u00e7o. O Chef preparou-lhe uma cuidada selec\u00e7\u00e3o da melhor pastelaria, padaria e charcutaria portuguesa e internacional. Ao almo\u00e7o e jantar delicie-se com os nossos buffets tem\u00e1ticos. O Real Restaurante tamb\u00e9m acolhe eventos de diferentes naturezas, tornando os seus acontecimentos memor\u00e1veis. Contacte-nos [&hellip;]<\/p>\n","protected":false},"author":36,"featured_media":0,"parent":97,"menu_order":10,"comment_status":"closed","ping_status":"closed","template":"template-restaurant.php","meta":{"footnotes":""},"class_list":["post-109","page","type-page","status-publish","hentry"],"yoast_head":"<!-- This site is optimized with the Yoast SEO plugin v26.9 - https:\/\/yoast.com\/product\/yoast-seo-wordpress\/ -->\n<title>Real Restaurante - Hotel Real Parque<\/title>\n<meta name=\"robots\" content=\"noindex, follow, max-snippet:-1, max-image-preview:large, max-video-preview:-1\" \/>\n<meta property=\"og:locale\" content=\"pt_PT\" \/>\n<meta property=\"og:type\" content=\"article\" \/>\n<meta property=\"og:title\" content=\"Real Restaurante - Hotel Real Parque\" \/>\n<meta property=\"og:description\" content=\"No Real Restaurante convidamo-lo a iniciar o seu dia com um sugestivo e completo pequeno-almo\u00e7o. O Chef preparou-lhe uma cuidada selec\u00e7\u00e3o da melhor pastelaria, padaria e charcutaria portuguesa e internacional. Ao almo\u00e7o e jantar delicie-se com os nossos buffets tem\u00e1ticos. O Real Restaurante tamb\u00e9m acolhe eventos de diferentes naturezas, tornando os seus acontecimentos memor\u00e1veis. Contacte-nos [&hellip;]\" \/>\n<meta property=\"og:url\" content=\"https:\/\/real-parque-hotel.ms.decms.eu\/pt-pt\/restaurantes-e-bares\/real-restaurante\/\" \/>\n<meta property=\"og:site_name\" content=\"Hotel Real Parque\" \/>\n<meta property=\"article:modified_time\" content=\"2021-03-22T18:35:52+00:00\" \/>\n<meta name=\"twitter:card\" content=\"summary_large_image\" \/>\n<script type=\"application\/ld+json\" class=\"yoast-schema-graph\">{\"@context\":\"https:\/\/schema.org\",\"@graph\":[{\"@type\":\"WebPage\",\"@id\":\"https:\/\/real-parque-hotel.ms.decms.eu\/pt-pt\/restaurantes-e-bares\/real-restaurante\/\",\"url\":\"https:\/\/real-parque-hotel.ms.decms.eu\/pt-pt\/restaurantes-e-bares\/real-restaurante\/\",\"name\":\"Real Restaurante - Hotel Real Parque\",\"isPartOf\":{\"@id\":\"https:\/\/real-parque-hotel.ms.decms.eu\/pt-pt\/#website\"},\"datePublished\":\"2020-11-25T16:17:23+00:00\",\"dateModified\":\"2021-03-22T18:35:52+00:00\",\"breadcrumb\":{\"@id\":\"https:\/\/real-parque-hotel.ms.decms.eu\/pt-pt\/restaurantes-e-bares\/real-restaurante\/#breadcrumb\"},\"inLanguage\":\"pt-PT\",\"potentialAction\":[{\"@type\":\"ReadAction\",\"target\":[\"https:\/\/real-parque-hotel.ms.decms.eu\/pt-pt\/restaurantes-e-bares\/real-restaurante\/\"]}]},{\"@type\":\"BreadcrumbList\",\"@id\":\"https:\/\/real-parque-hotel.ms.decms.eu\/pt-pt\/restaurantes-e-bares\/real-restaurante\/#breadcrumb\",\"itemListElement\":[{\"@type\":\"ListItem\",\"position\":1,\"name\":\"Home\",\"item\":\"https:\/\/real-parque-hotel.ms.decms.eu\/pt-pt\/\"},{\"@type\":\"ListItem\",\"position\":2,\"name\":\"Restaurantes e Bares\",\"item\":\"https:\/\/real-parque-hotel.ms.decms.eu\/pt-pt\/restaurantes-e-bares\/\"},{\"@type\":\"ListItem\",\"position\":3,\"name\":\"Real Restaurante\"}]},{\"@type\":\"WebSite\",\"@id\":\"https:\/\/real-parque-hotel.ms.decms.eu\/pt-pt\/#website\",\"url\":\"https:\/\/real-parque-hotel.ms.decms.eu\/pt-pt\/\",\"name\":\"Hotel Real Parque\",\"description\":\"Just another ms.decms.eu site\",\"potentialAction\":[{\"@type\":\"SearchAction\",\"target\":{\"@type\":\"EntryPoint\",\"urlTemplate\":\"https:\/\/real-parque-hotel.ms.decms.eu\/pt-pt\/?s={search_term_string}\"},\"query-input\":{\"@type\":\"PropertyValueSpecification\",\"valueRequired\":true,\"valueName\":\"search_term_string\"}}],\"inLanguage\":\"pt-PT\"}]}<\/script>\n<!-- \/ Yoast SEO plugin. -->","yoast_head_json":{"title":"Real Restaurante - Hotel Real Parque","robots":{"index":"noindex","follow":"follow","max-snippet":"max-snippet:-1","max-image-preview":"max-image-preview:large","max-video-preview":"max-video-preview:-1"},"og_locale":"pt_PT","og_type":"article","og_title":"Real Restaurante - Hotel Real Parque","og_description":"No Real Restaurante convidamo-lo a iniciar o seu dia com um sugestivo e completo pequeno-almo\u00e7o. O Chef preparou-lhe uma cuidada selec\u00e7\u00e3o da melhor pastelaria, padaria e charcutaria portuguesa e internacional. Ao almo\u00e7o e jantar delicie-se com os nossos buffets tem\u00e1ticos. O Real Restaurante tamb\u00e9m acolhe eventos de diferentes naturezas, tornando os seus acontecimentos memor\u00e1veis. Contacte-nos [&hellip;]","og_url":"https:\/\/real-parque-hotel.ms.decms.eu\/pt-pt\/restaurantes-e-bares\/real-restaurante\/","og_site_name":"Hotel Real Parque","article_modified_time":"2021-03-22T18:35:52+00:00","twitter_card":"summary_large_image","schema":{"@context":"https:\/\/schema.org","@graph":[{"@type":"WebPage","@id":"https:\/\/real-parque-hotel.ms.decms.eu\/pt-pt\/restaurantes-e-bares\/real-restaurante\/","url":"https:\/\/real-parque-hotel.ms.decms.eu\/pt-pt\/restaurantes-e-bares\/real-restaurante\/","name":"Real Restaurante - Hotel Real Parque","isPartOf":{"@id":"https:\/\/real-parque-hotel.ms.decms.eu\/pt-pt\/#website"},"datePublished":"2020-11-25T16:17:23+00:00","dateModified":"2021-03-22T18:35:52+00:00","breadcrumb":{"@id":"https:\/\/real-parque-hotel.ms.decms.eu\/pt-pt\/restaurantes-e-bares\/real-restaurante\/#breadcrumb"},"inLanguage":"pt-PT","potentialAction":[{"@type":"ReadAction","target":["https:\/\/real-parque-hotel.ms.decms.eu\/pt-pt\/restaurantes-e-bares\/real-restaurante\/"]}]},{"@type":"BreadcrumbList","@id":"https:\/\/real-parque-hotel.ms.decms.eu\/pt-pt\/restaurantes-e-bares\/real-restaurante\/#breadcrumb","itemListElement":[{"@type":"ListItem","position":1,"name":"Home","item":"https:\/\/real-parque-hotel.ms.decms.eu\/pt-pt\/"},{"@type":"ListItem","position":2,"name":"Restaurantes e Bares","item":"https:\/\/real-parque-hotel.ms.decms.eu\/pt-pt\/restaurantes-e-bares\/"},{"@type":"ListItem","position":3,"name":"Real Restaurante"}]},{"@type":"WebSite","@id":"https:\/\/real-parque-hotel.ms.decms.eu\/pt-pt\/#website","url":"https:\/\/real-parque-hotel.ms.decms.eu\/pt-pt\/","name":"Hotel Real Parque","description":"Just another ms.decms.eu site","potentialAction":[{"@type":"SearchAction","target":{"@type":"EntryPoint","urlTemplate":"https:\/\/real-parque-hotel.ms.decms.eu\/pt-pt\/?s={search_term_string}"},"query-input":{"@type":"PropertyValueSpecification","valueRequired":true,"valueName":"search_term_string"}}],"inLanguage":"pt-PT"}]}},"acf":[],"_links":{"self":[{"href":"https:\/\/real-parque-hotel.ms.decms.eu\/pt-pt\/wp-json\/wp\/v2\/pages\/109","targetHints":{"allow":["GET"]}}],"collection":[{"href":"https:\/\/real-parque-hotel.ms.decms.eu\/pt-pt\/wp-json\/wp\/v2\/pages"}],"about":[{"href":"https:\/\/real-parque-hotel.ms.decms.eu\/pt-pt\/wp-json\/wp\/v2\/types\/page"}],"author":[{"embeddable":true,"href":"https:\/\/real-parque-hotel.ms.decms.eu\/pt-pt\/wp-json\/wp\/v2\/users\/36"}],"replies":[{"embeddable":true,"href":"https:\/\/real-parque-hotel.ms.decms.eu\/pt-pt\/wp-json\/wp\/v2\/comments?post=109"}],"version-history":[{"count":0,"href":"https:\/\/real-parque-hotel.ms.decms.eu\/pt-pt\/wp-json\/wp\/v2\/pages\/109\/revisions"}],"up":[{"embeddable":true,"href":"https:\/\/real-parque-hotel.ms.decms.eu\/pt-pt\/wp-json\/wp\/v2\/pages\/97"}],"wp:attachment":[{"href":"https:\/\/real-parque-hotel.ms.decms.eu\/pt-pt\/wp-json\/wp\/v2\/media?parent=109"}],"curies":[{"name":"wp","href":"https:\/\/api.w.org\/{rel}","templated":true}]}}